{"id":20,"date":"2023-01-04T22:30:03","date_gmt":"2023-01-04T22:30:03","guid":{"rendered":"https:\/\/salmetunge.dk\/?page_id=20"},"modified":"2023-01-05T01:36:24","modified_gmt":"2023-01-05T01:36:24","slug":"kontakt","status":"publish","type":"page","link":"https:\/\/salmetunge.dk\/index.php\/kontakt\/","title":{"rendered":"Kontakt"},"content":{"rendered":"\n<p>Tak fordi du l\u00e6ser med! <\/p>\n\n\n\n<p>Har du sp\u00f8rgsm\u00e5l, kommentarer eller forslag til samarbejde, kan du kontakte mig p\u00e5 min mailadresse:<\/p>\n\n\n\n<p><a href=\"mailto:pfn@km.dk\" data-type=\"mailto\" data-id=\"mailto:pfn@km.dk\">pfn@km.dk<\/a><\/p>\n\n\n\n<p>Jeg vender tilbage hurtigst muligt!<\/p>\n\n\n\n<figure class=\"wp-block-image size-large\"><img loading=\"lazy\" decoding=\"async\" width=\"1024\" height=\"577\" src=\"https:\/\/salmetunge.dk\/wp-content\/uploads\/2023\/01\/Peter-Fischer-Nielsen-1024x577.jpeg\" alt=\"\" class=\"wp-image-182\" srcset=\"https:\/\/salmetunge.dk\/wp-content\/uploads\/2023\/01\/Peter-Fischer-Nielsen-1024x577.jpeg 1024w, https:\/\/salmetunge.dk\/wp-content\/uploads\/2023\/01\/Peter-Fischer-Nielsen-300x169.jpeg 300w, https:\/\/salmetunge.dk\/wp-content\/uploads\/2023\/01\/Peter-Fischer-Nielsen-768x433.jpeg 768w, https:\/\/salmetunge.dk\/wp-content\/uploads\/2023\/01\/Peter-Fischer-Nielsen-479x270.jpeg 479w, https:\/\/salmetunge.dk\/wp-content\/uploads\/2023\/01\/Peter-Fischer-Nielsen.jpeg 1280w\" sizes=\"(max-width: 1024px) 100vw, 1024px\" \/><\/figure>\n","protected":false},"excerpt":{"rendered":"<p>Tak fordi du l\u00e6ser med! Har du sp\u00f8rgsm\u00e5l, kommentarer eller forslag til samarbejde, kan du kontakte mig p\u00e5 min mailadresse: pfn@km.dk Jeg vender tilbage hurtigst muligt!<\/p>\n","protected":false},"author":1,"featured_media":0,"parent":0,"menu_order":0,"comment_status":"closed","ping_status":"closed","template":"","meta":{"footnotes":""},"jetpack_sharing_enabled":true,"_links":{"self":[{"href":"https:\/\/salmetunge.dk\/index.php\/wp-json\/wp\/v2\/pages\/20"}],"collection":[{"href":"https:\/\/salmetunge.dk\/index.php\/wp-json\/wp\/v2\/pages"}],"about":[{"href":"https:\/\/salmetunge.dk\/index.php\/wp-json\/wp\/v2\/types\/page"}],"author":[{"embeddable":true,"href":"https:\/\/salmetunge.dk\/index.php\/wp-json\/wp\/v2\/users\/1"}],"replies":[{"embeddable":true,"href":"https:\/\/salmetunge.dk\/index.php\/wp-json\/wp\/v2\/comments?post=20"}],"version-history":[{"count":5,"href":"https:\/\/salmetunge.dk\/index.php\/wp-json\/wp\/v2\/pages\/20\/revisions"}],"predecessor-version":[{"id":183,"href":"https:\/\/salmetunge.dk\/index.php\/wp-json\/wp\/v2\/pages\/20\/revisions\/183"}],"wp:attachment":[{"href":"https:\/\/salmetunge.dk\/index.php\/wp-json\/wp\/v2\/media?parent=20"}],"curies":[{"name":"wp","href":"https:\/\/api.w.org\/{rel}","templated":true}]}}