{"id":19,"date":"2023-01-04T22:30:03","date_gmt":"2023-01-04T22:30:03","guid":{"rendered":"https:\/\/salmetunge.dk\/?page_id=19"},"modified":"2026-03-06T23:18:36","modified_gmt":"2026-03-06T22:18:36","slug":"om","status":"publish","type":"page","link":"https:\/\/salmetunge.dk\/index.php\/om\/","title":{"rendered":"Om"},"content":{"rendered":"\n<p>Her p\u00e5 siden skriver jeg om mine salmer og deler tekster, noder og lydfiler. Jeg har fundet ind i et godt samarbejde med flere dygtige komponister &#8211; bl.a. Philip Faber, Erik Sommer, Erling Lindgren, Kristian la Cour, Torsten Borbye Nielsen, Mads Granum,  Mads H\u00f8ck, Arne Andreasen, Jesper Gottlieb, Christian Pr\u00e6stholm, Thomas Emil Horneman-Thielcke, Hans Dammeyer, Birgitte Agerskov Buur og Werner Fischer-Nielsen.<\/p>\n\n\n\n<p>Brug endelig salmerne (efter g\u00e6ldende copyright-regler) &#8211; og fort\u00e6l mig gerne, hvordan de finder anvendelse. De fleste af salmerne er ogs\u00e5 publiceret p\u00e5 <a href=\"https:\/\/www.salmer.dk\/\" target=\"_blank\" rel=\"noreferrer noopener\">salmer.dk<\/a>. Enkelte er med i det nye salmebogstill\u00e6g <a href=\"https:\/\/www.eksistensen.dk\/151-salmer-alm.html\" data-type=\"link\" data-id=\"https:\/\/www.eksistensen.dk\/151-salmer-alm.html\" target=\"_blank\" rel=\"noreferrer noopener\">&#8220;151 salmer&#8221;<\/a>, der udkommer i maj 2026.<\/p>\n\n\n\n<p>Jeg er f\u00f8dt i Vejle i 1976, uddannet cand.mag. i religionsvidenskab fra K\u00f8benhavns Universitet og har en ph.d.-grad i teologi fra Aarhus Universitet. <\/p>\n\n\n\n<p>Inden jeg blev folkekirkepr\u00e6st i 2018 har jeg arbejdet med blandt andet kommunikation, global kristendom, religionsdialog og i den kirkelige organisationsverden.<\/p>\n\n\n\n<p>Jeg er gift med Bente, vi bor i B\u00f8vling og har tre store b\u00f8rn. Siden 2025 har jeg v\u00e6ret provst for Lemvig Provsti og sognepr\u00e6st i Tangs\u00f8 Pastorat.<\/p>\n\n\n\n<p>Har du sp\u00f8rgsm\u00e5l, kommentarer eller forslag til samarbejde &#8211; s\u00e5 kontakt mig gerne p\u00e5 <a href=\"mailto:pfn@km.dk\" data-type=\"mailto\" data-id=\"mailto:pfn@km.dk\">pfn@km.dk<\/a>. <\/p>\n\n\n\n<figure class=\"wp-block-image size-large\"><img loading=\"lazy\" decoding=\"async\" width=\"1024\" height=\"577\" src=\"https:\/\/salmetunge.dk\/wp-content\/uploads\/2023\/01\/PFN-september-2018-1024x577.jpg\" alt=\"\" class=\"wp-image-39\" srcset=\"https:\/\/salmetunge.dk\/wp-content\/uploads\/2023\/01\/PFN-september-2018-1024x577.jpg 1024w, https:\/\/salmetunge.dk\/wp-content\/uploads\/2023\/01\/PFN-september-2018-300x169.jpg 300w, https:\/\/salmetunge.dk\/wp-content\/uploads\/2023\/01\/PFN-september-2018-768x433.jpg 768w, https:\/\/salmetunge.dk\/wp-content\/uploads\/2023\/01\/PFN-september-2018.jpg 1500w\" sizes=\"(max-width: 1024px) 100vw, 1024px\" \/><\/figure>\n\n\n\n<p><\/p>\n\n\n\n<p> <\/p>\n","protected":false},"excerpt":{"rendered":"<p>Her p\u00e5 siden skriver jeg om mine salmer og deler tekster, noder og lydfiler. Jeg har fundet ind i et godt samarbejde med flere dygtige komponister &#8211; bl.a. Philip Faber, Erik Sommer, Erling Lindgren, Kristian la Cour, Torsten Borbye Nielsen, Mads Granum, Mads H\u00f8ck, Arne Andreasen, Jesper Gottlieb, Christian Pr\u00e6stholm, Thomas Emil Horneman-Thielcke, Hans Dammeyer, Birgitte Agerskov Buur og Werner Fischer-Nielsen. Brug endelig salmerne (efter g\u00e6ldende copyright-regler) &#8211; og fort\u00e6l mig gerne, hvordan de finder anvendelse. De fleste af salmerne&#8230;<\/p>\n<p class=\"read-more\"><a class=\"btn btn-default\" href=\"https:\/\/salmetunge.dk\/index.php\/om\/\"> Read More<span class=\"screen-reader-text\">  Read More<\/span><\/a><\/p>\n","protected":false},"author":1,"featured_media":0,"parent":0,"menu_order":0,"comment_status":"closed","ping_status":"closed","template":"","meta":{"footnotes":""},"jetpack_sharing_enabled":true,"_links":{"self":[{"href":"https:\/\/salmetunge.dk\/index.php\/wp-json\/wp\/v2\/pages\/19"}],"collection":[{"href":"https:\/\/salmetunge.dk\/index.php\/wp-json\/wp\/v2\/pages"}],"about":[{"href":"https:\/\/salmetunge.dk\/index.php\/wp-json\/wp\/v2\/types\/page"}],"author":[{"embeddable":true,"href":"https:\/\/salmetunge.dk\/index.php\/wp-json\/wp\/v2\/users\/1"}],"replies":[{"embeddable":true,"href":"https:\/\/salmetunge.dk\/index.php\/wp-json\/wp\/v2\/comments?post=19"}],"version-history":[{"count":27,"href":"https:\/\/salmetunge.dk\/index.php\/wp-json\/wp\/v2\/pages\/19\/revisions"}],"predecessor-version":[{"id":594,"href":"https:\/\/salmetunge.dk\/index.php\/wp-json\/wp\/v2\/pages\/19\/revisions\/594"}],"wp:attachment":[{"href":"https:\/\/salmetunge.dk\/index.php\/wp-json\/wp\/v2\/media?parent=19"}],"curies":[{"name":"wp","href":"https:\/\/api.w.org\/{rel}","templated":true}]}}