{"id":18,"date":"2023-01-04T22:30:03","date_gmt":"2023-01-04T22:30:03","guid":{"rendered":"https:\/\/salmetunge.dk\/?page_id=18"},"modified":"2026-03-10T10:05:03","modified_gmt":"2026-03-10T09:05:03","slug":"salmetunge","status":"publish","type":"page","link":"https:\/\/salmetunge.dk\/","title":{"rendered":"&#8220;Kys os med din skabermund&#8221;"},"content":{"rendered":"\n<figure class=\"wp-block-image size-large\"><img loading=\"lazy\" decoding=\"async\" width=\"1024\" height=\"683\" src=\"https:\/\/salmetunge.dk\/wp-content\/uploads\/2026\/03\/Skaberens-vind-1024x683.png\" alt=\"\" class=\"wp-image-599\" srcset=\"https:\/\/salmetunge.dk\/wp-content\/uploads\/2026\/03\/Skaberens-vind-1024x683.png 1024w, https:\/\/salmetunge.dk\/wp-content\/uploads\/2026\/03\/Skaberens-vind-300x200.png 300w, https:\/\/salmetunge.dk\/wp-content\/uploads\/2026\/03\/Skaberens-vind-768x512.png 768w, https:\/\/salmetunge.dk\/wp-content\/uploads\/2026\/03\/Skaberens-vind-1536x1024.png 1536w, https:\/\/salmetunge.dk\/wp-content\/uploads\/2026\/03\/Skaberens-vind-405x270.png 405w, https:\/\/salmetunge.dk\/wp-content\/uploads\/2026\/03\/Skaberens-vind.png 1578w\" sizes=\"(max-width: 1024px) 100vw, 1024px\" \/><\/figure>\n\n\n\n<div class=\"wp-block-group alignfull has-green-background-color has-background is-layout-flow wp-block-group-is-layout-flow\"><div class=\"wp-block-group__inner-container\">\n<div class=\"wp-block-columns alignwide is-layout-flex wp-container-core-columns-layout-1 wp-block-columns-is-layout-flex\">\n<div class=\"wp-block-column is-layout-flow wp-block-column-is-layout-flow\">\n<p class=\"has-text-align-left\">Her p\u00e5 siden kan du finde <a href=\"https:\/\/salmetunge.dk\/index.php\/salmer\/\" data-type=\"page\" data-id=\"23\">tekster og noder<\/a> til mine salmer &#8211; og du kan <a href=\"https:\/\/salmetunge.dk\/index.php\/blog\/\" data-type=\"page\" data-id=\"21\">l\u00e6se lidt om nogle af dem her<\/a>. Du er velkommen til at <a href=\"https:\/\/salmetunge.dk\/index.php\/kontakt\/\" data-type=\"page\" data-id=\"20\">kontakte mig<\/a>, hvis du har sp\u00f8rgsm\u00e5l, kommentarer eller forslag til samarbejde!<\/p>\n\n\n\n<h2 class=\"wp-block-heading\">Nyheder<\/h2>\n\n\n\n<div class=\"wp-block-media-text is-stacked-on-mobile\"><figure class=\"wp-block-media-text__media\"><img loading=\"lazy\" decoding=\"async\" width=\"1024\" height=\"331\" src=\"https:\/\/salmetunge.dk\/wp-content\/uploads\/2026\/03\/Sol-og-traeer-til-hjemmeside-1024x331.jpg\" alt=\"\" class=\"wp-image-655 size-full\" srcset=\"https:\/\/salmetunge.dk\/wp-content\/uploads\/2026\/03\/Sol-og-traeer-til-hjemmeside-1024x331.jpg 1024w, https:\/\/salmetunge.dk\/wp-content\/uploads\/2026\/03\/Sol-og-traeer-til-hjemmeside-300x97.jpg 300w, https:\/\/salmetunge.dk\/wp-content\/uploads\/2026\/03\/Sol-og-traeer-til-hjemmeside-768x248.jpg 768w, https:\/\/salmetunge.dk\/wp-content\/uploads\/2026\/03\/Sol-og-traeer-til-hjemmeside-1536x497.jpg 1536w, https:\/\/salmetunge.dk\/wp-content\/uploads\/2026\/03\/Sol-og-traeer-til-hjemmeside-2048x663.jpg 2048w, https:\/\/salmetunge.dk\/wp-content\/uploads\/2026\/03\/Sol-og-traeer-til-hjemmeside-604x195.jpg 604w\" sizes=\"(max-width: 1024px) 100vw, 1024px\" \/><\/figure><div class=\"wp-block-media-text__content\">\n<p><strong>Ugens salme p\u00e5 salmer.dk: Den faste jeg \u00f8nsker<\/strong><br><a href=\"https:\/\/salmetunge.dk\/index.php\/2026\/03\/10\/ugens-salme-den-faste-jeg-oensker\/\" data-type=\"post\" data-id=\"652\" target=\"_blank\" rel=\"noreferrer noopener\">L\u00e6s Mortens Skovsteds artikel<\/a><\/p>\n<\/div><\/div>\n\n\n\n<div class=\"wp-block-media-text is-stacked-on-mobile\"><figure class=\"wp-block-media-text__media\"><img loading=\"lazy\" decoding=\"async\" width=\"528\" height=\"165\" src=\"https:\/\/salmetunge.dk\/wp-content\/uploads\/2026\/03\/151_salmebogen-til-hjemmeside.jpg\" alt=\"\" class=\"wp-image-638 size-full\" srcset=\"https:\/\/salmetunge.dk\/wp-content\/uploads\/2026\/03\/151_salmebogen-til-hjemmeside.jpg 528w, https:\/\/salmetunge.dk\/wp-content\/uploads\/2026\/03\/151_salmebogen-til-hjemmeside-300x94.jpg 300w\" sizes=\"(max-width: 528px) 100vw, 528px\" \/><\/figure><div class=\"wp-block-media-text__content\">\n<p class=\"has-text-align-left\"><strong>To salmer med i nyt salmebogstill\u00e6g<\/strong><br><a href=\"https:\/\/issuu.com\/forlagene\/docs\/151_salmer_-_indholdsfortegnelse\" target=\"_blank\" rel=\"noreferrer noopener\">Se indholdsfortegnelse<\/a> og <a href=\"https:\/\/www.eksistensen.dk\/151-salmer-alm.html\" target=\"_blank\" rel=\"noreferrer noopener\">bestil salmebogstill\u00e6gget<\/a><\/p>\n<\/div><\/div>\n\n\n\n<div class=\"wp-block-media-text is-stacked-on-mobile is-vertically-aligned-center\"><figure class=\"wp-block-media-text__media\"><img loading=\"lazy\" decoding=\"async\" width=\"1024\" height=\"317\" src=\"https:\/\/salmetunge.dk\/wp-content\/uploads\/2023\/01\/Ny-roedkaelk-2-1024x317.jpg\" alt=\"\" class=\"wp-image-129 size-full\" srcset=\"https:\/\/salmetunge.dk\/wp-content\/uploads\/2023\/01\/Ny-roedkaelk-2-1024x317.jpg 1024w, https:\/\/salmetunge.dk\/wp-content\/uploads\/2023\/01\/Ny-roedkaelk-2-300x93.jpg 300w, https:\/\/salmetunge.dk\/wp-content\/uploads\/2023\/01\/Ny-roedkaelk-2-768x238.jpg 768w, https:\/\/salmetunge.dk\/wp-content\/uploads\/2023\/01\/Ny-roedkaelk-2-1536x476.jpg 1536w, https:\/\/salmetunge.dk\/wp-content\/uploads\/2023\/01\/Ny-roedkaelk-2-1568x486.jpg 1568w, https:\/\/salmetunge.dk\/wp-content\/uploads\/2023\/01\/Ny-roedkaelk-2.jpg 1918w\" sizes=\"(max-width: 1024px) 100vw, 1024px\" \/><\/figure><div class=\"wp-block-media-text__content\">\n<p class=\"has-text-align-left\"><strong>Artikel i Kirke for Alle<\/strong><br><a href=\"https:\/\/kirkeforalle.dk\/religionsteologi-i-nye-toner-fire-nye-danske-salmer-om-gud-i-verden\/\" target=\"_blank\" rel=\"noreferrer noopener\">Religionsteologi i nye toner: Fire nye danske salmer om Gud i verden<\/a><\/p>\n<\/div><\/div>\n\n\n\n<div class=\"wp-block-media-text is-stacked-on-mobile\"><figure class=\"wp-block-media-text__media\"><img loading=\"lazy\" decoding=\"async\" width=\"1024\" height=\"331\" src=\"https:\/\/salmetunge.dk\/wp-content\/uploads\/2026\/03\/Kirke-til-hjemmeside-beskaaret-4-1024x331.jpg\" alt=\"\" class=\"wp-image-611 size-full\" srcset=\"https:\/\/salmetunge.dk\/wp-content\/uploads\/2026\/03\/Kirke-til-hjemmeside-beskaaret-4-1024x331.jpg 1024w, https:\/\/salmetunge.dk\/wp-content\/uploads\/2026\/03\/Kirke-til-hjemmeside-beskaaret-4-300x97.jpg 300w, https:\/\/salmetunge.dk\/wp-content\/uploads\/2026\/03\/Kirke-til-hjemmeside-beskaaret-4-768x248.jpg 768w, https:\/\/salmetunge.dk\/wp-content\/uploads\/2026\/03\/Kirke-til-hjemmeside-beskaaret-4-1536x497.jpg 1536w, https:\/\/salmetunge.dk\/wp-content\/uploads\/2026\/03\/Kirke-til-hjemmeside-beskaaret-4-2048x662.jpg 2048w, https:\/\/salmetunge.dk\/wp-content\/uploads\/2026\/03\/Kirke-til-hjemmeside-beskaaret-4-604x195.jpg 604w\" sizes=\"(max-width: 1024px) 100vw, 1024px\" \/><\/figure><div class=\"wp-block-media-text__content\">\n<p class=\"has-text-align-left\"><strong>Lancering p\u00e5 salmer.dk<\/strong><br><a href=\"https:\/\/www.salmer.dk\/maanedens-salme\/paa-en-kirkebaenk\/2516\" target=\"_blank\" rel=\"noreferrer noopener\">P\u00e5 en kirkeb\u00e6nk: Om Peter Fischer-Nielsens salmer<\/a><\/p>\n<\/div><\/div>\n\n\n\n<div class=\"wp-block-media-text is-stacked-on-mobile\"><figure class=\"wp-block-media-text__media\"><img loading=\"lazy\" decoding=\"async\" width=\"1024\" height=\"333\" src=\"https:\/\/salmetunge.dk\/wp-content\/uploads\/2026\/03\/Trae-til-hjemmeside-1024x333.jpg\" alt=\"\" class=\"wp-image-616 size-full\" srcset=\"https:\/\/salmetunge.dk\/wp-content\/uploads\/2026\/03\/Trae-til-hjemmeside-1024x333.jpg 1024w, https:\/\/salmetunge.dk\/wp-content\/uploads\/2026\/03\/Trae-til-hjemmeside-300x97.jpg 300w, https:\/\/salmetunge.dk\/wp-content\/uploads\/2026\/03\/Trae-til-hjemmeside-768x250.jpg 768w, https:\/\/salmetunge.dk\/wp-content\/uploads\/2026\/03\/Trae-til-hjemmeside-1536x499.jpg 1536w, https:\/\/salmetunge.dk\/wp-content\/uploads\/2026\/03\/Trae-til-hjemmeside-2048x665.jpg 2048w, https:\/\/salmetunge.dk\/wp-content\/uploads\/2026\/03\/Trae-til-hjemmeside-604x196.jpg 604w\" sizes=\"(max-width: 1024px) 100vw, 1024px\" \/><\/figure><div class=\"wp-block-media-text__content\">\n<p class=\"has-text-align-left\"><strong>Anmeldelse i Organistforeningens fagblad<\/strong><br><a href=\"https:\/\/organistforeningen.dk\/nye-salmer-af-hoej-kvalitet\/\" data-type=\"link\" data-id=\"https:\/\/organistforeningen.dk\/nye-salmer-af-hoej-kvalitet\/\" target=\"_blank\" rel=\"noreferrer noopener\">Nye salmer af h\u00f8j kvalitet<\/a><\/p>\n<\/div><\/div>\n\n\n\n<div class=\"wp-block-media-text is-stacked-on-mobile\"><figure class=\"wp-block-media-text__media\"><img loading=\"lazy\" decoding=\"async\" width=\"1024\" height=\"331\" src=\"https:\/\/salmetunge.dk\/wp-content\/uploads\/2026\/03\/Hav-til-hjemmeside-1-1024x331.jpg\" alt=\"\" class=\"wp-image-623 size-full\" srcset=\"https:\/\/salmetunge.dk\/wp-content\/uploads\/2026\/03\/Hav-til-hjemmeside-1-1024x331.jpg 1024w, https:\/\/salmetunge.dk\/wp-content\/uploads\/2026\/03\/Hav-til-hjemmeside-1-300x97.jpg 300w, https:\/\/salmetunge.dk\/wp-content\/uploads\/2026\/03\/Hav-til-hjemmeside-1-768x248.jpg 768w, https:\/\/salmetunge.dk\/wp-content\/uploads\/2026\/03\/Hav-til-hjemmeside-1-1536x496.jpg 1536w, https:\/\/salmetunge.dk\/wp-content\/uploads\/2026\/03\/Hav-til-hjemmeside-1-2048x661.jpg 2048w, https:\/\/salmetunge.dk\/wp-content\/uploads\/2026\/03\/Hav-til-hjemmeside-1-604x195.jpg 604w\" sizes=\"(max-width: 1024px) 100vw, 1024px\" \/><\/figure><div class=\"wp-block-media-text__content\">\n<p class=\"has-text-align-left\"><strong>Artikel i Viborg Folkeblad<\/strong><br><a href=\"https:\/\/viborg-folkeblad.dk\/bjerringbro\/nye-salmer-er-vigtige-sognepraesten-skriver-ogsaa-salmer\" target=\"_blank\" rel=\"noreferrer noopener\">Nye salmer er vigtige: Sognepr\u00e6sten skriver ogs\u00e5 salmer<\/a><\/p>\n<\/div><\/div>\n<\/div>\n<\/div>\n<\/div><\/div>\n","protected":false},"excerpt":{"rendered":"<p>Her p\u00e5 siden kan du finde tekster og noder til mine salmer &#8211; og du kan l\u00e6se lidt om nogle af dem her. Du er velkommen til at kontakte mig, hvis du har sp\u00f8rgsm\u00e5l, kommentarer eller forslag til samarbejde! Nyheder Ugens salme p\u00e5 salmer.dk: Den faste jeg \u00f8nskerL\u00e6s Mortens Skovsteds artikel To salmer med i nyt salmebogstill\u00e6gSe indholdsfortegnelse og bestil salmebogstill\u00e6gget Artikel i Kirke for AlleReligionsteologi i nye toner: Fire nye danske salmer om Gud i verden Lancering p\u00e5 salmer.dkP\u00e5&#8230;<\/p>\n<p class=\"read-more\"><a class=\"btn btn-default\" href=\"https:\/\/salmetunge.dk\/\"> Read More<span class=\"screen-reader-text\">  Read More<\/span><\/a><\/p>\n","protected":false},"author":1,"featured_media":0,"parent":0,"menu_order":0,"comment_status":"closed","ping_status":"closed","template":"","meta":{"footnotes":""},"jetpack_sharing_enabled":true,"_links":{"self":[{"href":"https:\/\/salmetunge.dk\/index.php\/wp-json\/wp\/v2\/pages\/18"}],"collection":[{"href":"https:\/\/salmetunge.dk\/index.php\/wp-json\/wp\/v2\/pages"}],"about":[{"href":"https:\/\/salmetunge.dk\/index.php\/wp-json\/wp\/v2\/types\/page"}],"author":[{"embeddable":true,"href":"https:\/\/salmetunge.dk\/index.php\/wp-json\/wp\/v2\/users\/1"}],"replies":[{"embeddable":true,"href":"https:\/\/salmetunge.dk\/index.php\/wp-json\/wp\/v2\/comments?post=18"}],"version-history":[{"count":121,"href":"https:\/\/salmetunge.dk\/index.php\/wp-json\/wp\/v2\/pages\/18\/revisions"}],"predecessor-version":[{"id":656,"href":"https:\/\/salmetunge.dk\/index.php\/wp-json\/wp\/v2\/pages\/18\/revisions\/656"}],"wp:attachment":[{"href":"https:\/\/salmetunge.dk\/index.php\/wp-json\/wp\/v2\/media?parent=18"}],"curies":[{"name":"wp","href":"https:\/\/api.w.org\/{rel}","templated":true}]}}